{"id":634,"date":"2019-12-04T16:43:57","date_gmt":"2019-12-04T15:43:57","guid":{"rendered":"https:\/\/www.arisangroup.sk\/?page_id=634"},"modified":"2019-12-04T16:43:57","modified_gmt":"2019-12-04T15:43:57","slug":"wirtschaftspruefung","status":"publish","type":"page","link":"https:\/\/www.arisangroup.sk\/de\/dienstleistungen\/wirtschaftspruefung\/","title":{"rendered":"Wirtschaftspr\u00fcfung"},"content":{"rendered":"<p>[vc_row][vc_column][vc_column_text]<\/p>\n<div>\n<h6>Wir betreuen unsere Kunden auch im Bereich der Wirtschaftspr\u00fcfung und der daraus folgenden \u00dcberpr\u00fcfung der von dem Wirtschaftspr\u00fcfer erarbeiteten Bilanz (auch gem\u00e4\u00df den IFRS-Standards).<\/h6>\n<p><strong>Die Unternehmen, die verpflichtet sind, sich einer Wirtschaftspr\u00fcfung zu unterziehen, sind in \u00a719 und \u00a722 Buchhaltungsgesetz Nr. 431\/2002 GB genannt. Selbstverst\u00e4ndlich \u00fcbernehmen wir die Wirtschaftspr\u00fcfung auch bei den Gesellschaften, f\u00fcr die sich diese Pflicht aus dem Gesetz nicht ergibt (Wirtschaftspr\u00fcfung als Information f\u00fcr Banken oder f\u00fcr andere Zwecke).<\/strong><\/p>\n<p>Die Wirtschaftspr\u00fcfung \u00fcbernimmt ein Fachmann aus dem Unternehmen, der die Jahresbilanz sowie die Buchhaltungsinformationen des Unternehmens analysiert. Gem\u00e4\u00df dem slowakischen Gesetz \u00fcber Wirtschaftspr\u00fcfer wird die Wirtschaftspr\u00fcfung als \u00dcberpr\u00fcfung der Buchbilanz und die \u00dcberpr\u00fcfung der \u00dcbereinstimmung von dem Jahresbericht und der Bilanz definiert.<\/p>\n<p>Auf dem Gebiet der Slowakischen Republik wird die Wirtschaftspr\u00fcfung aufgrund der internationalen Wirtschaftspr\u00fcfungsstandards, die von der Internationalen Vereinigung der Buchhalter erlassen wurden, vorgenommen.<\/p>\n<\/div>\n<p>[\/vc_column_text][\/vc_column][\/vc_row]<\/p>\n","protected":false},"excerpt":{"rendered":"<p>[vc_row][vc_column][vc_column_text] Wir betreuen unsere Kunden auch im Bereich der Wirtschaftspr\u00fcfung und der daraus folgenden \u00dcberpr\u00fcfung der von dem Wirtschaftspr\u00fcfer erarbeiteten Bilanz (auch gem\u00e4\u00df den IFRS-Standards). Die Unternehmen, die verpflichtet sind, sich einer Wirtschaftspr\u00fcfung zu unterziehen, sind in \u00a719 und \u00a722 Buchhaltungsgesetz Nr. 431\/2002 GB genannt. Selbstverst\u00e4ndlich \u00fcbernehmen wir die Wirtschaftspr\u00fcfung auch bei den Gesellschaften, f\u00fcr&hellip;<\/p>\n","protected":false},"author":1,"featured_media":0,"parent":631,"menu_order":0,"comment_status":"closed","ping_status":"closed","template":"","meta":[],"_links":{"self":[{"href":"https:\/\/www.arisangroup.sk\/de\/wp-json\/wp\/v2\/pages\/634"}],"collection":[{"href":"https:\/\/www.arisangroup.sk\/de\/wp-json\/wp\/v2\/pages"}],"about":[{"href":"https:\/\/www.arisangroup.sk\/de\/wp-json\/wp\/v2\/types\/page"}],"author":[{"embeddable":true,"href":"https:\/\/www.arisangroup.sk\/de\/wp-json\/wp\/v2\/users\/1"}],"replies":[{"embeddable":true,"href":"https:\/\/www.arisangroup.sk\/de\/wp-json\/wp\/v2\/comments?post=634"}],"version-history":[{"count":1,"href":"https:\/\/www.arisangroup.sk\/de\/wp-json\/wp\/v2\/pages\/634\/revisions"}],"predecessor-version":[{"id":635,"href":"https:\/\/www.arisangroup.sk\/de\/wp-json\/wp\/v2\/pages\/634\/revisions\/635"}],"up":[{"embeddable":true,"href":"https:\/\/www.arisangroup.sk\/de\/wp-json\/wp\/v2\/pages\/631"}],"wp:attachment":[{"href":"https:\/\/www.arisangroup.sk\/de\/wp-json\/wp\/v2\/media?parent=634"}],"curies":[{"name":"wp","href":"https:\/\/api.w.org\/{rel}","templated":true}]}}