{"id":691,"date":"2019-12-06T00:13:46","date_gmt":"2019-12-05T23:13:46","guid":{"rendered":"https:\/\/www.arisangroup.sk\/?page_id=691"},"modified":"2019-12-06T00:13:46","modified_gmt":"2019-12-05T23:13:46","slug":"unterlagenaufbewahrung","status":"publish","type":"page","link":"https:\/\/www.arisangroup.sk\/de\/dienstleistungen\/unterlagenaufbewahrung\/","title":{"rendered":"Unterlagenaufbewahrung"},"content":{"rendered":"<h6>Wir bewahren Ihre Unterlagen innerhalb unserer R\u00e4umlichkeiten auf und verwalten sie. Unterlagen, die nicht archiviert werden m\u00fcssen, vernichten wir auf Wunsch.<\/h6>\n<p>Der Preis umfasst immer die Aufbewahrung von Unterlagen, ihre Kategorisierung und das Bearbeiten von monatlich 5 Suchanfragen. Der Preis f\u00fcr die Aufbewahrung der Unterlagen h\u00e4ngt ab von der Menge der zu archivierenden Unterlagen, bei einer geringeren Anzahl (nicht mehr als 10 Ordner) beginnt der Preis bereits bei nur 5\u20ac monatlich.<\/p>\n<p>Die Unterlagen werden sicher aufbewahrt. Sollten Sie was brauchen, helfen wir gerne bei der Suche. Nach Ablauf der Aufbewahrungsfrist \u00fcbernehmen wir die Vernichtung der Unterlagen, wenn von Ihnen gew\u00fcnscht.<\/p>\n<p>Sie brauchen sich somit nicht um Ihre Unterlagen zu k\u00fcmmern.Das \u00fcbernehmen wir f\u00fcr Sie.<\/p>\n","protected":false},"excerpt":{"rendered":"<p>Wir bewahren Ihre Unterlagen innerhalb unserer R\u00e4umlichkeiten auf und verwalten sie. Unterlagen, die nicht archiviert werden m\u00fcssen, vernichten wir auf Wunsch. Der Preis umfasst immer die Aufbewahrung von Unterlagen, ihre Kategorisierung und das Bearbeiten von monatlich 5 Suchanfragen. Der Preis f\u00fcr die Aufbewahrung der Unterlagen h\u00e4ngt ab von der Menge der zu archivierenden Unterlagen, bei&hellip;<\/p>\n","protected":false},"author":1,"featured_media":0,"parent":631,"menu_order":0,"comment_status":"closed","ping_status":"closed","template":"","meta":[],"_links":{"self":[{"href":"https:\/\/www.arisangroup.sk\/de\/wp-json\/wp\/v2\/pages\/691"}],"collection":[{"href":"https:\/\/www.arisangroup.sk\/de\/wp-json\/wp\/v2\/pages"}],"about":[{"href":"https:\/\/www.arisangroup.sk\/de\/wp-json\/wp\/v2\/types\/page"}],"author":[{"embeddable":true,"href":"https:\/\/www.arisangroup.sk\/de\/wp-json\/wp\/v2\/users\/1"}],"replies":[{"embeddable":true,"href":"https:\/\/www.arisangroup.sk\/de\/wp-json\/wp\/v2\/comments?post=691"}],"version-history":[{"count":1,"href":"https:\/\/www.arisangroup.sk\/de\/wp-json\/wp\/v2\/pages\/691\/revisions"}],"predecessor-version":[{"id":692,"href":"https:\/\/www.arisangroup.sk\/de\/wp-json\/wp\/v2\/pages\/691\/revisions\/692"}],"up":[{"embeddable":true,"href":"https:\/\/www.arisangroup.sk\/de\/wp-json\/wp\/v2\/pages\/631"}],"wp:attachment":[{"href":"https:\/\/www.arisangroup.sk\/de\/wp-json\/wp\/v2\/media?parent=691"}],"curies":[{"name":"wp","href":"https:\/\/api.w.org\/{rel}","templated":true}]}}