{"id":693,"date":"2019-12-06T00:14:25","date_gmt":"2019-12-05T23:14:25","guid":{"rendered":"https:\/\/www.arisangroup.sk\/?page_id=693"},"modified":"2019-12-06T00:14:25","modified_gmt":"2019-12-05T23:14:25","slug":"virtual-office","status":"publish","type":"page","link":"https:\/\/www.arisangroup.sk\/de\/dienstleistungen\/virtual-office\/","title":{"rendered":"Virtual office"},"content":{"rendered":"<h6>Wir bieten auch einen virtuellen Firmensitz einschlie\u00dflich Office House-Dienste in der N\u00e4he unserer R\u00e4umlichkeiten an.<\/h6>\n<h2>\u201eAll in one\u201c<\/h2>\n<p>\u2013 Registrierter Sitz, Briefkastenbezeichnung, Posteingang kontrollieren und scannen der Post, Spamaussortierung (Werbung usw.), E-Mail-Benachrichtigung \u00fcber eingegangene Post, auf Anfrage wird sie an die von Ihnen angegebene Adresse weitergeleitet (Portogeb\u00fchren werden berechnet, Verwaltung ist im Preis inbegriffen): 50 \u20ac \/ Monat<\/p>\n<h2>\u201eStandard\u201c<\/h2>\n<p>\u2013 Registrierter Sitz, Briefkastenbezeichnung, Posteingang kontrollieren, auf Anfrage weiterleiten der Post an die von Ihnen angegebene Adresse (Portogeb\u00fchren und Verwaltung werden berechnet): 35 \u20ac\/Monat<\/p>\n<h2>\u201eBasic\u201c<\/h2>\n<p>\u2013 Registrierter Sitz, Briefkastenbezeichnung: 25 \u20ac\/Monat<\/p>\n<p><strong>\u2028Zahlung 6 Monate im Voraus, bei Beendigung der Miete wird der Mietbetrag in Abh\u00e4ngigkeit von der Mietdauer zur\u00fcckerstattet. Die Preise verstehen sich ohne MwSt.<\/strong><\/p>\n","protected":false},"excerpt":{"rendered":"<p>Wir bieten auch einen virtuellen Firmensitz einschlie\u00dflich Office House-Dienste in der N\u00e4he unserer R\u00e4umlichkeiten an. \u201eAll in one\u201c \u2013 Registrierter Sitz, Briefkastenbezeichnung, Posteingang kontrollieren und scannen der Post, Spamaussortierung (Werbung usw.), E-Mail-Benachrichtigung \u00fcber eingegangene Post, auf Anfrage wird sie an die von Ihnen angegebene Adresse weitergeleitet (Portogeb\u00fchren werden berechnet, Verwaltung ist im Preis inbegriffen): 50&hellip;<\/p>\n","protected":false},"author":1,"featured_media":0,"parent":631,"menu_order":0,"comment_status":"closed","ping_status":"closed","template":"","meta":[],"_links":{"self":[{"href":"https:\/\/www.arisangroup.sk\/de\/wp-json\/wp\/v2\/pages\/693"}],"collection":[{"href":"https:\/\/www.arisangroup.sk\/de\/wp-json\/wp\/v2\/pages"}],"about":[{"href":"https:\/\/www.arisangroup.sk\/de\/wp-json\/wp\/v2\/types\/page"}],"author":[{"embeddable":true,"href":"https:\/\/www.arisangroup.sk\/de\/wp-json\/wp\/v2\/users\/1"}],"replies":[{"embeddable":true,"href":"https:\/\/www.arisangroup.sk\/de\/wp-json\/wp\/v2\/comments?post=693"}],"version-history":[{"count":1,"href":"https:\/\/www.arisangroup.sk\/de\/wp-json\/wp\/v2\/pages\/693\/revisions"}],"predecessor-version":[{"id":694,"href":"https:\/\/www.arisangroup.sk\/de\/wp-json\/wp\/v2\/pages\/693\/revisions\/694"}],"up":[{"embeddable":true,"href":"https:\/\/www.arisangroup.sk\/de\/wp-json\/wp\/v2\/pages\/631"}],"wp:attachment":[{"href":"https:\/\/www.arisangroup.sk\/de\/wp-json\/wp\/v2\/media?parent=693"}],"curies":[{"name":"wp","href":"https:\/\/api.w.org\/{rel}","templated":true}]}}