{"id":699,"date":"2019-12-06T00:18:15","date_gmt":"2019-12-05T23:18:15","guid":{"rendered":"https:\/\/www.arisangroup.sk\/?page_id=699"},"modified":"2019-12-06T00:18:15","modified_gmt":"2019-12-05T23:18:15","slug":"firma","status":"publish","type":"page","link":"https:\/\/www.arisangroup.sk\/de\/firma\/","title":{"rendered":"Firma"},"content":{"rendered":"<h6>Seit 2004 sind wir auf dem Markt und das Portfolio unserer Kunden ist Beweis unserer qualitativ hochwertigen T\u00e4tigkeit. Wir betreuen mehr als 100 Firmen \u2013 angefangen bei Selbstst\u00e4ndigen bis zu internationalen Konzernen \u2013, die in den unterschiedlichst<\/h6>\n<p>Wir sind eine unabh\u00e4ngige Beratungsgesellschaft, die Firmen dabei unterst\u00fctzt, neue Gelegenheiten zu erkennen, diese zu nutzen und Risiken zu minimieren. Unsere Gesellschaft gew\u00e4hrleistet komplexe wirtschaftliche und rechtliche L\u00f6sungen. Wir sind Mitglied der International Association of Financial Management (INTERFIMA), die die Qualit\u00e4t und Professionalit\u00e4t unserer Leistungen \u00fcberwacht.<\/p>\n<p>In dieser Zeit der Reformen und zahlreichen Gesetzes\u00e4nderungen haben wir erkannt: Unsere Kunden brauchen einen starken professionellen Partner, der sie dabei unterst\u00fctzt, alle notwendigen Ver\u00e4nderungen zu bew\u00e4ltigen, ohne dass das t\u00e4gliche Leben der Firma davon beeinflusst wird &#8230; und sich der Kunde auf das eigene Gesch\u00e4ft konzentrieren kann.<\/p>\n","protected":false},"excerpt":{"rendered":"<p>Seit 2004 sind wir auf dem Markt und das Portfolio unserer Kunden ist Beweis unserer qualitativ hochwertigen T\u00e4tigkeit. Wir betreuen mehr als 100 Firmen \u2013 angefangen bei Selbstst\u00e4ndigen bis zu internationalen Konzernen \u2013, die in den unterschiedlichst Wir sind eine unabh\u00e4ngige Beratungsgesellschaft, die Firmen dabei unterst\u00fctzt, neue Gelegenheiten zu erkennen, diese zu nutzen und Risiken&hellip;<\/p>\n","protected":false},"author":1,"featured_media":0,"parent":0,"menu_order":0,"comment_status":"closed","ping_status":"closed","template":"","meta":[],"_links":{"self":[{"href":"https:\/\/www.arisangroup.sk\/de\/wp-json\/wp\/v2\/pages\/699"}],"collection":[{"href":"https:\/\/www.arisangroup.sk\/de\/wp-json\/wp\/v2\/pages"}],"about":[{"href":"https:\/\/www.arisangroup.sk\/de\/wp-json\/wp\/v2\/types\/page"}],"author":[{"embeddable":true,"href":"https:\/\/www.arisangroup.sk\/de\/wp-json\/wp\/v2\/users\/1"}],"replies":[{"embeddable":true,"href":"https:\/\/www.arisangroup.sk\/de\/wp-json\/wp\/v2\/comments?post=699"}],"version-history":[{"count":1,"href":"https:\/\/www.arisangroup.sk\/de\/wp-json\/wp\/v2\/pages\/699\/revisions"}],"predecessor-version":[{"id":700,"href":"https:\/\/www.arisangroup.sk\/de\/wp-json\/wp\/v2\/pages\/699\/revisions\/700"}],"wp:attachment":[{"href":"https:\/\/www.arisangroup.sk\/de\/wp-json\/wp\/v2\/media?parent=699"}],"curies":[{"name":"wp","href":"https:\/\/api.w.org\/{rel}","templated":true}]}}