{"id":849,"date":"2019-12-18T19:41:55","date_gmt":"2019-12-18T18:41:55","guid":{"rendered":"https:\/\/www.arisangroup.sk\/?page_id=849"},"modified":"2019-12-18T19:41:55","modified_gmt":"2019-12-18T18:41:55","slug":"firmengruendung","status":"publish","type":"page","link":"https:\/\/www.arisangroup.sk\/de\/dienstleistungen\/firmengruendung\/","title":{"rendered":"Firmengr\u00fcndung"},"content":{"rendered":"<h6>Eine Firmengr\u00fcndung ist ein komplizierter Vorgang, bei dem die Kenntnis der entsprechenden Rechtsvorschriften und Gesetze sehr hilfreich ist. Wir unterst\u00fctzen Sie bei der Gr\u00fcndung Ihrer Firma und \u00fcbernehmen alle damit zusammenh\u00e4ngenden Aufgaben.<\/h6>\n<p>Wir bieten die komplette Gr\u00fcndung von Firmen an. Wir \u00fcbernehmen die volle Administration, wie die Eintragung ins Handelsregister, die Gewerbeanmeldung und die Registrierung beim Finanzamt etc. Wir sprechen mit Ihren k\u00fcnftigen Partnern und Gesch\u00e4ftsf\u00fchrern, wir bereiten alles Erforderliche vor und reichen die n\u00f6tigen Unterlagen bei den zust\u00e4ndigen Beh\u00f6rden ein.<\/p>\n<p><strong>Der Firmengr\u00fcnder braucht nur einmal zum Notar zu gehen.<\/strong> Als Bonus erhalten Sie von uns die Registrierung der Einkommenssteuer und ein individuelles Angebot f\u00fcr die Buchf\u00fchrung f\u00fcr Ihre Firma. Bei einer Ein-Mann-Gesellschaft mit beschr\u00e4nkter Haftung, deren Eigent\u00fcmer und Gesch\u00e4ftsf\u00fchrer im Inland ans\u00e4ssig ist, betr\u00e4gt der Gesamtpreis einschlie\u00dflich Registrierung <strong>400 Euro<\/strong>, wobei alle Geb\u00fchren f\u00fcr die Eintragung im Handelsregister und f\u00fcr die Gewerbeanmeldung (freie Gewerbe) im Preis enthalten sind.<\/p>\n<p>Bei verschiedenen Kombinationen (ausl\u00e4ndische Eigent\u00fcmer, mehrere Gesellschafter, gebundenes Gewerbe &#8230;) wird der Preis individuell vereinbart und h\u00e4ngt von weiteren Geb\u00fchren ab, darunter etwa f\u00fcr amtlich beglaubigte \u00dcbersetzungen, gr\u00f6\u00dferer Aufwand usw. Der Preisunterschied ist jedoch nicht sehr gro\u00df. Auf Anfrage gr\u00fcnden wir f\u00fcr Sie eine Kapital- oder Aktiengesellschaft oder eine Gesellschaft in einer sonstigen Rechtform.<\/p>\n","protected":false},"excerpt":{"rendered":"<p>Eine Firmengr\u00fcndung ist ein komplizierter Vorgang, bei dem die Kenntnis der entsprechenden Rechtsvorschriften und Gesetze sehr hilfreich ist. Wir unterst\u00fctzen Sie bei der Gr\u00fcndung Ihrer Firma und \u00fcbernehmen alle damit zusammenh\u00e4ngenden Aufgaben. Wir bieten die komplette Gr\u00fcndung von Firmen an. Wir \u00fcbernehmen die volle Administration, wie die Eintragung ins Handelsregister, die Gewerbeanmeldung und die Registrierung&hellip;<\/p>\n","protected":false},"author":1,"featured_media":0,"parent":631,"menu_order":0,"comment_status":"closed","ping_status":"closed","template":"","meta":[],"_links":{"self":[{"href":"https:\/\/www.arisangroup.sk\/de\/wp-json\/wp\/v2\/pages\/849"}],"collection":[{"href":"https:\/\/www.arisangroup.sk\/de\/wp-json\/wp\/v2\/pages"}],"about":[{"href":"https:\/\/www.arisangroup.sk\/de\/wp-json\/wp\/v2\/types\/page"}],"author":[{"embeddable":true,"href":"https:\/\/www.arisangroup.sk\/de\/wp-json\/wp\/v2\/users\/1"}],"replies":[{"embeddable":true,"href":"https:\/\/www.arisangroup.sk\/de\/wp-json\/wp\/v2\/comments?post=849"}],"version-history":[{"count":1,"href":"https:\/\/www.arisangroup.sk\/de\/wp-json\/wp\/v2\/pages\/849\/revisions"}],"predecessor-version":[{"id":850,"href":"https:\/\/www.arisangroup.sk\/de\/wp-json\/wp\/v2\/pages\/849\/revisions\/850"}],"up":[{"embeddable":true,"href":"https:\/\/www.arisangroup.sk\/de\/wp-json\/wp\/v2\/pages\/631"}],"wp:attachment":[{"href":"https:\/\/www.arisangroup.sk\/de\/wp-json\/wp\/v2\/media?parent=849"}],"curies":[{"name":"wp","href":"https:\/\/api.w.org\/{rel}","templated":true}]}}